{"id":1212,"date":"2023-09-19T08:40:08","date_gmt":"2023-09-19T08:40:08","guid":{"rendered":"https:\/\/dev3.safe-tech.se\/?page_id=1212"},"modified":"2023-10-31T09:35:43","modified_gmt":"2023-10-31T09:35:43","slug":"bostadsrattsforeningar","status":"publish","type":"page","link":"https:\/\/safe-tech.se\/en\/bostadsrattsforeningar\/","title":{"rendered":"Housing associations"},"content":{"rendered":"<div data-elementor-type=\"wp-page\" data-elementor-id=\"1212\" class=\"elementor elementor-1212\">\n\t\t\t\t\t\t<div class=\"elementor-inner\">\n\t\t\t\t<div class=\"elementor-section-wrap\">\n\t\t\t\t\t\t\t\t\t<section class=\"elementor-section elementor-top-section elementor-element elementor-element-3d2c7500 elementor-section-height-min-height elementor-section-boxed elementor-section-height-default elementor-section-items-middle\" data-id=\"3d2c7500\" data-element_type=\"section\" data-settings=\"{&quot;background_background&quot;:&quot;classic&quot;}\">\n\t\t\t\t\t\t\t<div class=\"elementor-background-overlay\"><\/div>\n\t\t\t\t\t\t\t<div class=\"elementor-container elementor-column-gap-default\">\n\t\t\t\t\t\t\t<div class=\"elementor-row\">\n\t\t\t\t\t<div class=\"elementor-column elementor-col-100 elementor-top-column elementor-element elementor-element-3c38bd00\" data-id=\"3c38bd00\" data-element_type=\"column\">\n\t\t\t<div class=\"elementor-column-wrap elementor-element-populated\">\n\t\t\t\t\t\t\t<div class=\"elementor-widget-wrap\">\n\t\t\t\t\t\t<div class=\"elementor-element elementor-element-766fc8e6 elementor-widget elementor-widget-heading\" data-id=\"766fc8e6\" data-element_type=\"widget\" data-widget_type=\"heading.default\">\n\t\t\t\t<div class=\"elementor-widget-container\">\n\t\t\t<h1 class=\"elementor-heading-title elementor-size-default\">Housing associations<\/h1>\t\t<\/div>\n\t\t\t\t<\/div>\n\t\t\t\t\t\t<\/div>\n\t\t\t\t\t<\/div>\n\t\t<\/div>\n\t\t\t\t\t\t\t\t<\/div>\n\t\t\t\t\t<\/div>\n\t\t<\/section>\n\t\t\t\t<section class=\"elementor-section elementor-top-section elementor-element elementor-element-2984398b elementor-section-boxed elementor-section-height-default elementor-section-height-default\" data-id=\"2984398b\" data-element_type=\"section\" data-settings=\"{&quot;background_background&quot;:&quot;classic&quot;}\">\n\t\t\t\t\t\t<div class=\"elementor-container elementor-column-gap-default\">\n\t\t\t\t\t\t\t<div class=\"elementor-row\">\n\t\t\t\t\t<div class=\"elementor-column elementor-col-50 elementor-top-column elementor-element elementor-element-1cbf2979\" data-id=\"1cbf2979\" data-element_type=\"column\">\n\t\t\t<div class=\"elementor-column-wrap elementor-element-populated\">\n\t\t\t\t\t\t\t<div class=\"elementor-widget-wrap\">\n\t\t\t\t\t\t<div class=\"elementor-element elementor-element-71fb6c67 elementor-widget elementor-widget-heading\" data-id=\"71fb6c67\" data-element_type=\"widget\" data-widget_type=\"heading.default\">\n\t\t\t\t<div class=\"elementor-widget-container\">\n\t\t\t<h2 class=\"elementor-heading-title elementor-size-default\">Keep track of your entrances\n<\/h2>\t\t<\/div>\n\t\t\t\t<\/div>\n\t\t\t\t<div class=\"elementor-element elementor-element-5f22725e elementor-widget-divider--view-line elementor-widget elementor-widget-divider\" data-id=\"5f22725e\" data-element_type=\"widget\" data-widget_type=\"divider.default\">\n\t\t\t\t<div class=\"elementor-widget-container\">\n\t\t\t\t\t<div class=\"elementor-divider\">\n\t\t\t<span class=\"elementor-divider-separator\">\n\t\t\t\t\t\t<\/span>\n\t\t<\/div>\n\t\t\t\t<\/div>\n\t\t\t\t<\/div>\n\t\t\t\t<div class=\"elementor-element elementor-element-4b04d91 elementor-widget elementor-widget-text-editor\" data-id=\"4b04d91\" data-element_type=\"widget\" data-widget_type=\"text-editor.default\">\n\t\t\t\t<div class=\"elementor-widget-container\">\n\t\t\t\t\t\t\t\t<div class=\"elementor-text-editor elementor-clearfix\">\n\t\t\t\t<p>\u00d6vervaka noggrant varje individ som tr\u00e4der in i er fastighet genom att dra nytta av de senaste och mest p\u00e5litliga passersystemen, som \u00e4r fullt integrerade med intercom-funktionalitet (d\u00f6rrklocka).<\/p>\t\t\t\t\t<\/div>\n\t\t\t\t\t\t<\/div>\n\t\t\t\t<\/div>\n\t\t\t\t<div class=\"elementor-element elementor-element-71829242 elementor-align-left elementor-mobile-align-center elementor-widget elementor-widget-button\" data-id=\"71829242\" data-element_type=\"widget\" data-widget_type=\"button.default\">\n\t\t\t\t<div class=\"elementor-widget-container\">\n\t\t\t\t\t<div class=\"elementor-button-wrapper\">\n\t\t\t<a class=\"elementor-button elementor-button-link elementor-size-sm\" href=\"\/en\/kontakt\/\">\n\t\t\t\t\t\t<span class=\"elementor-button-content-wrapper\">\n\t\t\t\t\t\t<span class=\"elementor-button-icon elementor-align-icon-right\">\n\t\t\t\t<i aria-hidden=\"true\" class=\"fas fa-long-arrow-alt-right\"><\/i>\t\t\t<\/span>\n\t\t\t\t\t\t<span class=\"elementor-button-text\">Contact Us<\/span>\n\t\t<\/span>\n\t\t\t\t\t<\/a>\n\t\t<\/div>\n\t\t\t\t<\/div>\n\t\t\t\t<\/div>\n\t\t\t\t\t\t<\/div>\n\t\t\t\t\t<\/div>\n\t\t<\/div>\n\t\t\t\t<div class=\"elementor-column elementor-col-50 elementor-top-column elementor-element elementor-element-3f557737\" data-id=\"3f557737\" data-element_type=\"column\">\n\t\t\t<div class=\"elementor-column-wrap elementor-element-populated\">\n\t\t\t\t\t\t\t<div class=\"elementor-widget-wrap\">\n\t\t\t\t\t\t<div class=\"elementor-element elementor-element-534382bf elementor-widget elementor-widget-image\" data-id=\"534382bf\" data-element_type=\"widget\" data-widget_type=\"image.default\">\n\t\t\t\t<div class=\"elementor-widget-container\">\n\t\t\t\t\t\t\t\t<div class=\"elementor-image\">\n\t\t\t\t\t\t\t\t\t\t\t\t<img fetchpriority=\"high\" decoding=\"async\" width=\"2560\" height=\"1707\" src=\"https:\/\/safe-tech.se\/wp-content\/uploads\/2023\/09\/entrance-of-apartment-big-glass-door-2022-11-15-14-27-05-utc-scaled.jpg\" class=\"attachment-full size-full wp-image-1218\" alt=\"\" srcset=\"https:\/\/safe-tech.se\/wp-content\/uploads\/2023\/09\/entrance-of-apartment-big-glass-door-2022-11-15-14-27-05-utc-scaled.jpg 2560w, https:\/\/safe-tech.se\/wp-content\/uploads\/2023\/09\/entrance-of-apartment-big-glass-door-2022-11-15-14-27-05-utc-300x200.jpg 300w, https:\/\/safe-tech.se\/wp-content\/uploads\/2023\/09\/entrance-of-apartment-big-glass-door-2022-11-15-14-27-05-utc-1024x683.jpg 1024w, https:\/\/safe-tech.se\/wp-content\/uploads\/2023\/09\/entrance-of-apartment-big-glass-door-2022-11-15-14-27-05-utc-768x512.jpg 768w, https:\/\/safe-tech.se\/wp-content\/uploads\/2023\/09\/entrance-of-apartment-big-glass-door-2022-11-15-14-27-05-utc-1536x1024.jpg 1536w, https:\/\/safe-tech.se\/wp-content\/uploads\/2023\/09\/entrance-of-apartment-big-glass-door-2022-11-15-14-27-05-utc-2048x1365.jpg 2048w, https:\/\/safe-tech.se\/wp-content\/uploads\/2023\/09\/entrance-of-apartment-big-glass-door-2022-11-15-14-27-05-utc-18x12.jpg 18w\" sizes=\"(max-width: 2560px) 100vw, 2560px\" \/>\t\t\t\t\t\t\t\t\t\t\t\t\t\t<\/div>\n\t\t\t\t\t\t<\/div>\n\t\t\t\t<\/div>\n\t\t\t\t\t\t<\/div>\n\t\t\t\t\t<\/div>\n\t\t<\/div>\n\t\t\t\t\t\t\t\t<\/div>\n\t\t\t\t\t<\/div>\n\t\t<\/section>\n\t\t\t\t<section class=\"elementor-section elementor-top-section elementor-element elementor-element-a4659ca elementor-section-boxed elementor-section-height-default elementor-section-height-default\" data-id=\"a4659ca\" data-element_type=\"section\" data-settings=\"{&quot;background_background&quot;:&quot;classic&quot;}\">\n\t\t\t\t\t\t<div class=\"elementor-container elementor-column-gap-default\">\n\t\t\t\t\t\t\t<div class=\"elementor-row\">\n\t\t\t\t\t<div class=\"elementor-column elementor-col-50 elementor-top-column elementor-element elementor-element-e0a61a3\" data-id=\"e0a61a3\" data-element_type=\"column\">\n\t\t\t<div class=\"elementor-column-wrap elementor-element-populated\">\n\t\t\t\t\t\t\t<div class=\"elementor-widget-wrap\">\n\t\t\t\t\t\t<div class=\"elementor-element elementor-element-eedc555 elementor-widget elementor-widget-heading\" data-id=\"eedc555\" data-element_type=\"widget\" data-widget_type=\"heading.default\">\n\t\t\t\t<div class=\"elementor-widget-container\">\n\t\t\t<h2 class=\"elementor-heading-title elementor-size-default\">\u00d6vervaka era k\u00e4llare\n\n<\/h2>\t\t<\/div>\n\t\t\t\t<\/div>\n\t\t\t\t<div class=\"elementor-element elementor-element-dc3205a elementor-widget-divider--view-line elementor-widget elementor-widget-divider\" data-id=\"dc3205a\" data-element_type=\"widget\" data-widget_type=\"divider.default\">\n\t\t\t\t<div class=\"elementor-widget-container\">\n\t\t\t\t\t<div class=\"elementor-divider\">\n\t\t\t<span class=\"elementor-divider-separator\">\n\t\t\t\t\t\t<\/span>\n\t\t<\/div>\n\t\t\t\t<\/div>\n\t\t\t\t<\/div>\n\t\t\t\t<div class=\"elementor-element elementor-element-8f1b597 elementor-widget elementor-widget-text-editor\" data-id=\"8f1b597\" data-element_type=\"widget\" data-widget_type=\"text-editor.default\">\n\t\t\t\t<div class=\"elementor-widget-container\">\n\t\t\t\t\t\t\t\t<div class=\"elementor-text-editor elementor-clearfix\">\n\t\t\t\t<p>Inbrott i k\u00e4llaren utg\u00f6r en betungande b\u00f6rda ekonomiskt och tidsm\u00e4ssigt samtidigt som det skapar en k\u00e4nsla av otrygghet bland de boende. Genom att dra nytta av v\u00e5ra avancerade \u00f6vervakningskamerasystem kan ni inte bara avskr\u00e4cka potentiella inbrottstjuvar utan ocks\u00e5 bist\u00e5 polisen i deras arbete f\u00f6r att \u00f6ka tryggheten!<\/p>\t\t\t\t\t<\/div>\n\t\t\t\t\t\t<\/div>\n\t\t\t\t<\/div>\n\t\t\t\t<div class=\"elementor-element elementor-element-f087994 elementor-align-left elementor-mobile-align-center elementor-widget elementor-widget-button\" data-id=\"f087994\" data-element_type=\"widget\" data-widget_type=\"button.default\">\n\t\t\t\t<div class=\"elementor-widget-container\">\n\t\t\t\t\t<div class=\"elementor-button-wrapper\">\n\t\t\t<a class=\"elementor-button elementor-button-link elementor-size-sm\" href=\"\/en\/kontakt\/\">\n\t\t\t\t\t\t<span class=\"elementor-button-content-wrapper\">\n\t\t\t\t\t\t<span class=\"elementor-button-icon elementor-align-icon-right\">\n\t\t\t\t<i aria-hidden=\"true\" class=\"fas fa-long-arrow-alt-right\"><\/i>\t\t\t<\/span>\n\t\t\t\t\t\t<span class=\"elementor-button-text\">Contact Us<\/span>\n\t\t<\/span>\n\t\t\t\t\t<\/a>\n\t\t<\/div>\n\t\t\t\t<\/div>\n\t\t\t\t<\/div>\n\t\t\t\t\t\t<\/div>\n\t\t\t\t\t<\/div>\n\t\t<\/div>\n\t\t\t\t<div class=\"elementor-column elementor-col-50 elementor-top-column elementor-element elementor-element-a3b9c3b\" data-id=\"a3b9c3b\" data-element_type=\"column\">\n\t\t\t<div class=\"elementor-column-wrap elementor-element-populated\">\n\t\t\t\t\t\t\t<div class=\"elementor-widget-wrap\">\n\t\t\t\t\t\t<div class=\"elementor-element elementor-element-f828095 elementor-widget elementor-widget-image\" data-id=\"f828095\" data-element_type=\"widget\" data-widget_type=\"image.default\">\n\t\t\t\t<div class=\"elementor-widget-container\">\n\t\t\t\t\t\t\t\t<div class=\"elementor-image\">\n\t\t\t\t\t\t\t\t\t\t\t\t<img decoding=\"async\" width=\"2560\" height=\"1703\" src=\"https:\/\/safe-tech.se\/wp-content\/uploads\/2023\/09\/legs-walking-in-basement-between-boxes-2021-09-22-02-19-04-utc-scaled.jpg\" class=\"attachment-full size-full wp-image-1217\" alt=\"\" srcset=\"https:\/\/safe-tech.se\/wp-content\/uploads\/2023\/09\/legs-walking-in-basement-between-boxes-2021-09-22-02-19-04-utc-scaled.jpg 2560w, https:\/\/safe-tech.se\/wp-content\/uploads\/2023\/09\/legs-walking-in-basement-between-boxes-2021-09-22-02-19-04-utc-300x200.jpg 300w, https:\/\/safe-tech.se\/wp-content\/uploads\/2023\/09\/legs-walking-in-basement-between-boxes-2021-09-22-02-19-04-utc-1024x681.jpg 1024w, https:\/\/safe-tech.se\/wp-content\/uploads\/2023\/09\/legs-walking-in-basement-between-boxes-2021-09-22-02-19-04-utc-768x511.jpg 768w, https:\/\/safe-tech.se\/wp-content\/uploads\/2023\/09\/legs-walking-in-basement-between-boxes-2021-09-22-02-19-04-utc-1536x1022.jpg 1536w, https:\/\/safe-tech.se\/wp-content\/uploads\/2023\/09\/legs-walking-in-basement-between-boxes-2021-09-22-02-19-04-utc-2048x1363.jpg 2048w, https:\/\/safe-tech.se\/wp-content\/uploads\/2023\/09\/legs-walking-in-basement-between-boxes-2021-09-22-02-19-04-utc-18x12.jpg 18w\" sizes=\"(max-width: 2560px) 100vw, 2560px\" \/>\t\t\t\t\t\t\t\t\t\t\t\t\t\t<\/div>\n\t\t\t\t\t\t<\/div>\n\t\t\t\t<\/div>\n\t\t\t\t\t\t<\/div>\n\t\t\t\t\t<\/div>\n\t\t<\/div>\n\t\t\t\t\t\t\t\t<\/div>\n\t\t\t\t\t<\/div>\n\t\t<\/section>\n\t\t\t\t<section class=\"elementor-section elementor-top-section elementor-element elementor-element-8fbe4e0 elementor-section-boxed elementor-section-height-default elementor-section-height-default\" data-id=\"8fbe4e0\" data-element_type=\"section\" data-settings=\"{&quot;background_background&quot;:&quot;classic&quot;}\">\n\t\t\t\t\t\t<div class=\"elementor-container elementor-column-gap-default\">\n\t\t\t\t\t\t\t<div class=\"elementor-row\">\n\t\t\t\t\t<div class=\"elementor-column elementor-col-50 elementor-top-column elementor-element elementor-element-d95ae4c\" data-id=\"d95ae4c\" data-element_type=\"column\">\n\t\t\t<div class=\"elementor-column-wrap elementor-element-populated\">\n\t\t\t\t\t\t\t<div class=\"elementor-widget-wrap\">\n\t\t\t\t\t\t<div class=\"elementor-element elementor-element-461f102 elementor-widget elementor-widget-heading\" data-id=\"461f102\" data-element_type=\"widget\" data-widget_type=\"heading.default\">\n\t\t\t\t<div class=\"elementor-widget-container\">\n\t\t\t<h2 class=\"elementor-heading-title elementor-size-default\">Alltid ett s\u00e4kert garage<\/h2>\t\t<\/div>\n\t\t\t\t<\/div>\n\t\t\t\t<div class=\"elementor-element elementor-element-34013d5 elementor-widget-divider--view-line elementor-widget elementor-widget-divider\" data-id=\"34013d5\" data-element_type=\"widget\" data-widget_type=\"divider.default\">\n\t\t\t\t<div class=\"elementor-widget-container\">\n\t\t\t\t\t<div class=\"elementor-divider\">\n\t\t\t<span class=\"elementor-divider-separator\">\n\t\t\t\t\t\t<\/span>\n\t\t<\/div>\n\t\t\t\t<\/div>\n\t\t\t\t<\/div>\n\t\t\t\t<div class=\"elementor-element elementor-element-e3f9392 elementor-widget elementor-widget-text-editor\" data-id=\"e3f9392\" data-element_type=\"widget\" data-widget_type=\"text-editor.default\">\n\t\t\t\t<div class=\"elementor-widget-container\">\n\t\t\t\t\t\t\t\t<div class=\"elementor-text-editor elementor-clearfix\">\n\t\t\t\t<p>Garaget utg\u00f6r alltid en s\u00e5rbar punkt i en bostadsr\u00e4ttsf\u00f6rening (BRF), och det \u00e4r beklagligtvis enkelt f\u00f6r n\u00e5gon att smita in innan garageporten har hunnit st\u00e4ngas efter en bil. F\u00f6r att \u00f6ka s\u00e4kerheten kan vi inte bara erbjuda avskr\u00e4ckande \u00f6vervakningskameror utan ocks\u00e5 integrera en innovativ l\u00f6sning som automatiskt \u00f6ppnar garageporten med hj\u00e4lp av en kamera som l\u00e4ser av registreringsskyltar.<\/p>\t\t\t\t\t<\/div>\n\t\t\t\t\t\t<\/div>\n\t\t\t\t<\/div>\n\t\t\t\t<div class=\"elementor-element elementor-element-03c68fa elementor-align-left elementor-mobile-align-center elementor-widget elementor-widget-button\" data-id=\"03c68fa\" data-element_type=\"widget\" data-widget_type=\"button.default\">\n\t\t\t\t<div class=\"elementor-widget-container\">\n\t\t\t\t\t<div class=\"elementor-button-wrapper\">\n\t\t\t<a class=\"elementor-button elementor-button-link elementor-size-sm\" href=\"\/en\/kontakt\/\">\n\t\t\t\t\t\t<span class=\"elementor-button-content-wrapper\">\n\t\t\t\t\t\t<span class=\"elementor-button-icon elementor-align-icon-right\">\n\t\t\t\t<i aria-hidden=\"true\" class=\"fas fa-long-arrow-alt-right\"><\/i>\t\t\t<\/span>\n\t\t\t\t\t\t<span class=\"elementor-button-text\">Contact Us<\/span>\n\t\t<\/span>\n\t\t\t\t\t<\/a>\n\t\t<\/div>\n\t\t\t\t<\/div>\n\t\t\t\t<\/div>\n\t\t\t\t\t\t<\/div>\n\t\t\t\t\t<\/div>\n\t\t<\/div>\n\t\t\t\t<div class=\"elementor-column elementor-col-50 elementor-top-column elementor-element elementor-element-63627f0\" data-id=\"63627f0\" data-element_type=\"column\">\n\t\t\t<div class=\"elementor-column-wrap elementor-element-populated\">\n\t\t\t\t\t\t\t<div class=\"elementor-widget-wrap\">\n\t\t\t\t\t\t<div class=\"elementor-element elementor-element-a8cf2f9 elementor-widget elementor-widget-image\" data-id=\"a8cf2f9\" data-element_type=\"widget\" data-widget_type=\"image.default\">\n\t\t\t\t<div class=\"elementor-widget-container\">\n\t\t\t\t\t\t\t\t<div class=\"elementor-image\">\n\t\t\t\t\t\t\t\t\t\t\t\t<img decoding=\"async\" width=\"2560\" height=\"1709\" src=\"https:\/\/safe-tech.se\/wp-content\/uploads\/2023\/09\/modern-automatic-car-garage-door-2022-12-16-14-56-21-utc-scaled.jpg\" class=\"attachment-full size-full wp-image-1216\" alt=\"\" srcset=\"https:\/\/safe-tech.se\/wp-content\/uploads\/2023\/09\/modern-automatic-car-garage-door-2022-12-16-14-56-21-utc-scaled.jpg 2560w, https:\/\/safe-tech.se\/wp-content\/uploads\/2023\/09\/modern-automatic-car-garage-door-2022-12-16-14-56-21-utc-300x200.jpg 300w, https:\/\/safe-tech.se\/wp-content\/uploads\/2023\/09\/modern-automatic-car-garage-door-2022-12-16-14-56-21-utc-1024x684.jpg 1024w, https:\/\/safe-tech.se\/wp-content\/uploads\/2023\/09\/modern-automatic-car-garage-door-2022-12-16-14-56-21-utc-768x513.jpg 768w, https:\/\/safe-tech.se\/wp-content\/uploads\/2023\/09\/modern-automatic-car-garage-door-2022-12-16-14-56-21-utc-1536x1025.jpg 1536w, https:\/\/safe-tech.se\/wp-content\/uploads\/2023\/09\/modern-automatic-car-garage-door-2022-12-16-14-56-21-utc-2048x1367.jpg 2048w, https:\/\/safe-tech.se\/wp-content\/uploads\/2023\/09\/modern-automatic-car-garage-door-2022-12-16-14-56-21-utc-18x12.jpg 18w\" sizes=\"(max-width: 2560px) 100vw, 2560px\" \/>\t\t\t\t\t\t\t\t\t\t\t\t\t\t<\/div>\n\t\t\t\t\t\t<\/div>\n\t\t\t\t<\/div>\n\t\t\t\t\t\t<\/div>\n\t\t\t\t\t<\/div>\n\t\t<\/div>\n\t\t\t\t\t\t\t\t<\/div>\n\t\t\t\t\t<\/div>\n\t\t<\/section>\n\t\t\t\t<section class=\"elementor-section elementor-top-section elementor-element elementor-element-2cd008b elementor-section-boxed elementor-section-height-default elementor-section-height-default\" data-id=\"2cd008b\" data-element_type=\"section\" data-settings=\"{&quot;background_background&quot;:&quot;classic&quot;}\">\n\t\t\t\t\t\t<div class=\"elementor-container elementor-column-gap-default\">\n\t\t\t\t\t\t\t<div class=\"elementor-row\">\n\t\t\t\t\t<div class=\"elementor-column elementor-col-50 elementor-top-column elementor-element elementor-element-15b4dbe\" data-id=\"15b4dbe\" data-element_type=\"column\">\n\t\t\t<div class=\"elementor-column-wrap elementor-element-populated\">\n\t\t\t\t\t\t\t<div class=\"elementor-widget-wrap\">\n\t\t\t\t\t\t<div class=\"elementor-element elementor-element-5eb106c elementor-widget elementor-widget-heading\" data-id=\"5eb106c\" data-element_type=\"widget\" data-widget_type=\"heading.default\">\n\t\t\t\t<div class=\"elementor-widget-container\">\n\t\t\t<h2 class=\"elementor-heading-title elementor-size-default\">Milj\u00f6rummet<\/h2>\t\t<\/div>\n\t\t\t\t<\/div>\n\t\t\t\t<div class=\"elementor-element elementor-element-1dccf0a elementor-widget-divider--view-line elementor-widget elementor-widget-divider\" data-id=\"1dccf0a\" data-element_type=\"widget\" data-widget_type=\"divider.default\">\n\t\t\t\t<div class=\"elementor-widget-container\">\n\t\t\t\t\t<div class=\"elementor-divider\">\n\t\t\t<span class=\"elementor-divider-separator\">\n\t\t\t\t\t\t<\/span>\n\t\t<\/div>\n\t\t\t\t<\/div>\n\t\t\t\t<\/div>\n\t\t\t\t<div class=\"elementor-element elementor-element-4a093e1 elementor-widget elementor-widget-text-editor\" data-id=\"4a093e1\" data-element_type=\"widget\" data-widget_type=\"text-editor.default\">\n\t\t\t\t<div class=\"elementor-widget-container\">\n\t\t\t\t\t\t\t\t<div class=\"elementor-text-editor elementor-clearfix\">\n\t\t\t\t<p>K\u00e4llsortering utg\u00f6r en central komponent i att f\u00f6rh\u00f6ja trivselfaktorn inom bostadsr\u00e4ttsf\u00f6reningen. Beklagligtvis finns det medlemmar som inte helt omfamnar detta koncept och ist\u00e4llet f\u00f6ljer sina egna regler. De felaktiga sorteringarna inneb\u00e4r betydande ekonomiska utgifter f\u00f6r bostadsr\u00e4ttsf\u00f6reningen. Det \u00e4r dags att identifiera de ansvariga f\u00f6r att s\u00e4tta stopp f\u00f6r detta.<\/p>\t\t\t\t\t<\/div>\n\t\t\t\t\t\t<\/div>\n\t\t\t\t<\/div>\n\t\t\t\t<div class=\"elementor-element elementor-element-191db09 elementor-align-left elementor-mobile-align-center elementor-widget elementor-widget-button\" data-id=\"191db09\" data-element_type=\"widget\" data-widget_type=\"button.default\">\n\t\t\t\t<div class=\"elementor-widget-container\">\n\t\t\t\t\t<div class=\"elementor-button-wrapper\">\n\t\t\t<a class=\"elementor-button elementor-button-link elementor-size-sm\" href=\"\/en\/kontakt\/\">\n\t\t\t\t\t\t<span class=\"elementor-button-content-wrapper\">\n\t\t\t\t\t\t<span class=\"elementor-button-icon elementor-align-icon-right\">\n\t\t\t\t<i aria-hidden=\"true\" class=\"fas fa-long-arrow-alt-right\"><\/i>\t\t\t<\/span>\n\t\t\t\t\t\t<span class=\"elementor-button-text\">Contact Us<\/span>\n\t\t<\/span>\n\t\t\t\t\t<\/a>\n\t\t<\/div>\n\t\t\t\t<\/div>\n\t\t\t\t<\/div>\n\t\t\t\t\t\t<\/div>\n\t\t\t\t\t<\/div>\n\t\t<\/div>\n\t\t\t\t<div class=\"elementor-column elementor-col-50 elementor-top-column elementor-element elementor-element-bf226dd\" data-id=\"bf226dd\" data-element_type=\"column\">\n\t\t\t<div class=\"elementor-column-wrap elementor-element-populated\">\n\t\t\t\t\t\t\t<div class=\"elementor-widget-wrap\">\n\t\t\t\t\t\t<div class=\"elementor-element elementor-element-7fce01b elementor-widget elementor-widget-image\" data-id=\"7fce01b\" data-element_type=\"widget\" data-widget_type=\"image.default\">\n\t\t\t\t<div class=\"elementor-widget-container\">\n\t\t\t\t\t\t\t\t<div class=\"elementor-image\">\n\t\t\t\t\t\t\t\t\t\t\t\t<img loading=\"lazy\" decoding=\"async\" width=\"2560\" height=\"1707\" src=\"https:\/\/safe-tech.se\/wp-content\/uploads\/2023\/09\/hand-with-a-bag-of-plastic-garbage-over-containers-2022-01-12-07-13-16-utc-scaled.jpg\" class=\"attachment-full size-full wp-image-1215\" alt=\"\" srcset=\"https:\/\/safe-tech.se\/wp-content\/uploads\/2023\/09\/hand-with-a-bag-of-plastic-garbage-over-containers-2022-01-12-07-13-16-utc-scaled.jpg 2560w, https:\/\/safe-tech.se\/wp-content\/uploads\/2023\/09\/hand-with-a-bag-of-plastic-garbage-over-containers-2022-01-12-07-13-16-utc-300x200.jpg 300w, https:\/\/safe-tech.se\/wp-content\/uploads\/2023\/09\/hand-with-a-bag-of-plastic-garbage-over-containers-2022-01-12-07-13-16-utc-1024x683.jpg 1024w, https:\/\/safe-tech.se\/wp-content\/uploads\/2023\/09\/hand-with-a-bag-of-plastic-garbage-over-containers-2022-01-12-07-13-16-utc-768x512.jpg 768w, https:\/\/safe-tech.se\/wp-content\/uploads\/2023\/09\/hand-with-a-bag-of-plastic-garbage-over-containers-2022-01-12-07-13-16-utc-1536x1024.jpg 1536w, https:\/\/safe-tech.se\/wp-content\/uploads\/2023\/09\/hand-with-a-bag-of-plastic-garbage-over-containers-2022-01-12-07-13-16-utc-2048x1365.jpg 2048w, https:\/\/safe-tech.se\/wp-content\/uploads\/2023\/09\/hand-with-a-bag-of-plastic-garbage-over-containers-2022-01-12-07-13-16-utc-18x12.jpg 18w\" sizes=\"(max-width: 2560px) 100vw, 2560px\" \/>\t\t\t\t\t\t\t\t\t\t\t\t\t\t<\/div>\n\t\t\t\t\t\t<\/div>\n\t\t\t\t<\/div>\n\t\t\t\t\t\t<\/div>\n\t\t\t\t\t<\/div>\n\t\t<\/div>\n\t\t\t\t\t\t\t\t<\/div>\n\t\t\t\t\t<\/div>\n\t\t<\/section>\n\t\t\t\t\t\t\t\t\t<\/div>\n\t\t\t<\/div>\n\t\t\t\t\t<\/div>","protected":false},"excerpt":{"rendered":"<p>Bostadsr\u00e4ttsf\u00f6reningar Ha koll p\u00e5 era entr\u00e9er \u00d6vervaka noggrant varje individ som tr\u00e4der in i er fastighet genom att dra nytta av de senaste och mest p\u00e5litliga passersystemen, som \u00e4r fullt integrerade med intercom-funktionalitet (d\u00f6rrklocka). Kontakta oss \u00d6vervaka era k\u00e4llare Inbrott i k\u00e4llaren utg\u00f6r en betungande b\u00f6rda ekonomiskt och tidsm\u00e4ssigt samtidigt som det skapar en k\u00e4nsla [&hellip;]<\/p>","protected":false},"author":1,"featured_media":0,"parent":0,"menu_order":0,"comment_status":"closed","ping_status":"closed","template":"","meta":{"site-sidebar-layout":"no-sidebar","site-content-layout":"page-builder","ast-site-content-layout":"full-width-container","site-content-style":"default","site-sidebar-style":"default","ast-global-header-display":"","ast-banner-title-visibility":"","ast-main-header-display":"","ast-hfb-above-header-display":"","ast-hfb-below-header-display":"","ast-hfb-mobile-header-display":"","site-post-title":"disabled","ast-breadcrumbs-content":"","ast-featured-img":"disabled","footer-sml-layout":"","ast-disable-related-posts":"","theme-transparent-header-meta":"","adv-header-id-meta":"","stick-header-meta":"","header-above-stick-meta":"","header-main-stick-meta":"","header-below-stick-meta":"","astra-migrate-meta-layouts":"set","ast-page-background-enabled":"default","ast-page-background-meta":{"desktop":{"background-color":"var(--ast-global-color-4)","background-image":"","background-repeat":"repeat","background-position":"center center","background-size":"auto","background-attachment":"scroll","background-type":"","background-media":"","overlay-type":"","overlay-color":"","overlay-opacity":"","overlay-gradient":""},"tablet":{"background-color":"","background-image":"","background-repeat":"repeat","background-position":"center center","background-size":"auto","background-attachment":"scroll","background-type":"","background-media":"","overlay-type":"","overlay-color":"","overlay-opacity":"","overlay-gradient":""},"mobile":{"background-color":"","background-image":"","background-repeat":"repeat","background-position":"center center","background-size":"auto","background-attachment":"scroll","background-type":"","background-media":"","overlay-type":"","overlay-color":"","overlay-opacity":"","overlay-gradient":""}},"ast-content-background-meta":{"desktop":{"background-color":"var(--ast-global-color-5)","background-image":"","background-repeat":"repeat","background-position":"center center","background-size":"auto","background-attachment":"scroll","background-type":"","background-media":"","overlay-type":"","overlay-color":"","overlay-opacity":"","overlay-gradient":""},"tablet":{"background-color":"var(--ast-global-color-5)","background-image":"","background-repeat":"repeat","background-position":"center center","background-size":"auto","background-attachment":"scroll","background-type":"","background-media":"","overlay-type":"","overlay-color":"","overlay-opacity":"","overlay-gradient":""},"mobile":{"background-color":"var(--ast-global-color-5)","background-image":"","background-repeat":"repeat","background-position":"center center","background-size":"auto","background-attachment":"scroll","background-type":"","background-media":"","overlay-type":"","overlay-color":"","overlay-opacity":"","overlay-gradient":""}},"footnotes":""},"class_list":["post-1212","page","type-page","status-publish","hentry"],"_links":{"self":[{"href":"https:\/\/safe-tech.se\/en\/wp-json\/wp\/v2\/pages\/1212","targetHints":{"allow":["GET"]}}],"collection":[{"href":"https:\/\/safe-tech.se\/en\/wp-json\/wp\/v2\/pages"}],"about":[{"href":"https:\/\/safe-tech.se\/en\/wp-json\/wp\/v2\/types\/page"}],"author":[{"embeddable":true,"href":"https:\/\/safe-tech.se\/en\/wp-json\/wp\/v2\/users\/1"}],"replies":[{"embeddable":true,"href":"https:\/\/safe-tech.se\/en\/wp-json\/wp\/v2\/comments?post=1212"}],"version-history":[{"count":7,"href":"https:\/\/safe-tech.se\/en\/wp-json\/wp\/v2\/pages\/1212\/revisions"}],"predecessor-version":[{"id":1492,"href":"https:\/\/safe-tech.se\/en\/wp-json\/wp\/v2\/pages\/1212\/revisions\/1492"}],"wp:attachment":[{"href":"https:\/\/safe-tech.se\/en\/wp-json\/wp\/v2\/media?parent=1212"}],"curies":[{"name":"wp","href":"https:\/\/api.w.org\/{rel}","templated":true}]}}